{"id":877,"date":"2024-01-06T19:05:01","date_gmt":"2024-01-06T19:05:01","guid":{"rendered":"https:\/\/kreablog.com\/gizlilik-politikasi-kreablog\/"},"modified":"2024-01-08T19:20:54","modified_gmt":"2024-01-08T19:20:54","slug":"gizlilik-politikasi-kreablog","status":"publish","type":"page","link":"https:\/\/kreablog.com\/tr\/gizlilik-politikasi-kreablog\/","title":{"rendered":"Gizlilik Politikas\u0131 | KREAblog"},"content":{"rendered":"\t\t<div data-elementor-type=\"wp-page\" data-elementor-id=\"877\" class=\"elementor elementor-877 elementor-570\">\n\t\t\t\t<div class=\"elementor-element elementor-element-99da29b e-flex e-con-boxed e-con e-parent\" data-id=\"99da29b\" data-element_type=\"container\" data-e-type=\"container\">\n\t\t\t\t\t<div class=\"e-con-inner\">\n\t\t\t\t<div class=\"elementor-element elementor-element-8ce99d6 elementor-widget elementor-widget-text-editor\" data-id=\"8ce99d6\" data-element_type=\"widget\" data-e-type=\"widget\" data-widget_type=\"text-editor.default\">\n\t\t\t\t<div class=\"elementor-widget-container\">\n\t\t\t\t\t\t\t\t\t<h2><strong>KREABAZ D\u0130J\u0130TAL REKLAM AJANSI SANAY\u0130 VE T\u0130CARET L\u0130M\u0130TED \u015e\u0130RKET\u0130<\/strong><\/h2>\n<h3><strong>M\u00dc\u015eTER\u0130 K\u0130\u015e\u0130SEL VER\u0130LER\u0130N\u0130N \u0130\u015eLENMES\u0130NE \u0130L\u0130\u015eK\u0130N AYDINLATMA METN\u0130<\/strong><\/h3>\n<p><strong>KREABAZ D\u0130J\u0130TAL REKLAM AJANSI SANAY\u0130 VE T\u0130CARET L\u0130M\u0130TED \u015e\u0130RKET\u0130<\/strong> olarakolarak 7 Nisan 2016 tarihli ve 29677 say\u0131l\u0131 Resmi Gazete\u2019de yay\u0131mlanarak y\u00fcr\u00fcrl\u00fc\u011fe giren 6698 say\u0131l\u0131 Ki\u015fisel Verilerin Korunmas\u0131 Kanunu (\u201cKVKK\u201d) kapsam\u0131nda 10. maddede yer alan \u201cVeri Sorumlusunun Ayd\u0131nlatma Y\u00fck\u00fcml\u00fcl\u00fc\u011f\u00fc\u201d ve 11. Maddede yer alan \u201c\u0130lgili Ki\u015finin Haklar\u0131\u201d ki\u015fisel verilerinizin toplanmas\u0131n\u0131n y\u00f6ntemi ve hukuki sebebi, kapsamlar\u0131nda ki\u015fisel verilerinizin hangi ama\u00e7la i\u015flenece\u011fi, i\u015flenen ki\u015fisel verilerinizin kimlere ve hangi ama\u00e7la aktar\u0131labilece\u011fi gibi konularda siz m\u00fc\u015fterilerimizin sahip oldu\u011fu haklar\u0131 ile ilgili bilgilendirmede bulunmak isteriz.<\/p>\n<p>KVK Kanunu\u2019nda tan\u0131ml\u0131 <strong>KREABAZ D\u0130J\u0130TAL REKLAM AJANSI SANAY\u0130 VE T\u0130CARET L\u0130M\u0130TED \u015e\u0130RKET\u0130<\/strong> isimli \u015firketimiz \u201cVeri Sorumlusu\u201d s\u0131fat\u0131yla, ki\u015fisel verilerinizi yetkisiz eri\u015fim veya bu bilgilerin kayb\u0131, hatal\u0131 kullan\u0131m\u0131, if\u015fa edilmesi, de\u011fi\u015ftirilmesi veya imha edilmesine kar\u015f\u0131 bilgi g\u00fcvenli\u011fi standartlar\u0131 ve prosed\u00fcrleri \u00e7er\u00e7evesinde korumak i\u00e7in gerekli teknik ve idari g\u00fcvenlik tedbirlerini almaktay\u0131z. Bahsi ge\u00e7en t\u00fcm g\u00fcvenlik tedbirlerine ra\u011fmen olas\u0131 herhangi bir sald\u0131r\u0131 sonucunda ki\u015fisel verilerin zarar g\u00f6rmesi veya \u00fc\u00e7\u00fcnc\u00fc ki\u015filerin eline ge\u00e7mesi durumunda, \u015firketimiz bu durumu derhal sizlere ve Ki\u015fisel Verileri Koruma Kurulu\u2019na bildirecektir.<\/p>\n<ul>\n<li>Veri Sorumlusunun Kimli\u011fi<\/li>\n<\/ul>\n<p>Veri Sorumlusu, \u0130stanbul Ticaret Sicili nezdinde 5890814760 Sicil Numaras\u0131 ile kay\u0131tl\u0131, \u015firket merkezi YE\u015e\u0130LK\u00d6Y MAH. ATAT\u00dcRK CAD. EGS BLOKLAR NO: 12 \u0130\u00c7 KAPI NO: 15 BAKIRK\u00d6Y\/ ISTANBUL adresinde bulunan L\u0130M\u0130TED \u015eirketi\u2019dir.<\/p>\n<ul>\n<li>Ki\u015fisel Verilerin Toplanmas\u0131<\/li>\n<\/ul>\n<p>KVK Kanunu\u2019nun 5. ve 6. maddelerinde belirtilen ki\u015fisel veri i\u015fleme \u015fartlar\u0131 ve ama\u00e7lar\u0131 d\u00e2hilinde toplanan ki\u015fisel verileriniz; \u015firketimiz birimleri, internet sitesi, otomatik veya otomatik olmayan y\u00f6ntemler, sosyal medya mecralar\u0131, mobil uygulamalar ve benzeri vas\u0131talarla s\u00f6zl\u00fc, yaz\u0131l\u0131 ya da elektronik olarak toplanabilmektedir.<\/p>\n<p><strong>Ki\u015fisel Verilerin \u0130\u015fleme Ama\u00e7lar\u0131 ve Hangi Ama\u00e7la Aktar\u0131labilece\u011fi<\/strong><\/p>\n<p>Ki\u015fisel verileriniz a\u015fa\u011f\u0131daki ama\u00e7larla payla\u015f\u0131labilir:<\/p>\n<ul>\n<li>\u015eirketimiz ve i\u015f ili\u015fkisi i\u00e7erisinde oldu\u011fu ki\u015filerin hukuki ve ticari g\u00fcvenli\u011finin temini, ve i\u015f ili\u015fkisi i\u00e7erisinde oldu\u011fumuz ortaklar\u0131m\u0131z, yetkili sat\u0131c\u0131lar, yetkili servisler ve tedarik\u00e7ilerle y\u00fcr\u00fct\u00fclen i\u015flerin planlanmas\u0131,<\/li>\n<li>M\u00fc\u015fteri kay\u0131tlar\u0131 olu\u015fturulmas\u0131 ve y\u00f6netilmesi,<\/li>\n<li>M\u00fc\u015fteriler ile ilgili olarak yasal s\u0131n\u0131rlar i\u00e7erisinde de\u011ferlendirme, analiz ve risk y\u00f6netim \u00e7al\u0131\u015fmalar\u0131n\u0131n yap\u0131lmas\u0131,<\/li>\n<li>\u00dcr\u00fcn ve hizmetlerimizin M\u00fc\u015fterilerimize maksimum fayda sunmas\u0131 i\u00e7in gerekli \u00e7al\u0131\u015fmalar\u0131n i\u015f birimlerimiz ve\/veya ortaklar\u0131m\u0131z taraf\u0131ndan yap\u0131lmas\u0131,<\/li>\n<li>\u00dcr\u00fcn ve hizmetlerimizin M\u00fc\u015fterilerimizin be\u011feni, kullan\u0131m al\u0131\u015fkanl\u0131klar\u0131 ve ihtiya\u00e7lar\u0131na g\u00f6re \u00f6zelle\u015ftirilerek M\u00fc\u015fterilerimize \u00f6nerilmesi,<\/li>\n<li>Hizmet \u015fartlar\u0131m\u0131zda ve elektronik hizmetlerimizde meydana gelebilecek de\u011fi\u015fiklikler hakk\u0131nda bilgilendirme yap\u0131lmas\u0131,<\/li>\n<li>\u015eirketimizin daha iyi hizmet sunabilmesi ad\u0131na ticari ve i\u015f stratejilerinin belirlenmesi ve uygulanmas\u0131, pazar ara\u015ft\u0131rmas\u0131 ve analizinin y\u00fcr\u00fct\u00fclmesi,<\/li>\n<li>M\u00fc\u015fteri \u015fikayetlerinin \u00e7\u00f6z\u00fclmesi ve veri eri\u015fim veya d\u00fczeltme taleplerinin i\u015fleme al\u0131nmas\u0131,<\/li>\n<li>Verim raporlar\u0131n\u0131n olu\u015fturulmas\u0131 ve g\u00fcncellenmesi,<\/li>\n<li>Hizmetlerimizi sunmak ad\u0131na anla\u015fmal\u0131 oldu\u011fumuz kredi\/kredi kart\u0131 sa\u011flay\u0131c\u0131 \u015firketler taraf\u0131ndan sunulan kredi imkanlar\u0131na ba\u015fvuru halinde i\u015flemlerinin bu kurulu\u015flar nezdinde takibi, planlanmas\u0131 ve y\u00fcr\u00fct\u00fclmesi,<\/li>\n<li>M\u00fc\u015fteriye \u00f6zel sat\u0131\u015f ve pazarlama faaliyetlerinin planlanmas\u0131 ve ger\u00e7ekle\u015ftirilmesi<\/li>\n<li>Resmi kurumlarla ileti\u015fim s\u00fcre\u00e7lerinin ve hukuki s\u00fcre\u00e7lerin takibi ve icras\u0131,<\/li>\n<li>M\u00fc\u015fteri ili\u015fkilerinin y\u00fcr\u00fct\u00fclmesi ve kurumsal y\u00f6netim faaliyetlerinin takibi,<\/li>\n<li>Faturaland\u0131rma da dahil olmak \u00fczere; mali, muhasebe ve finansal i\u015flemlerin y\u00fcr\u00fct\u00fclmesi, risk y\u00f6netiminin ger\u00e7ekle\u015ftirilmesi,<\/li>\n<li>Reklam ama\u00e7l\u0131 fuar, sergileme, sponsorluk ve benzeri potansiyel m\u00fc\u015fteri etkinliklerinde potansiyel m\u00fc\u015fteriler ile temasa ge\u00e7ilmesi, aktif ziyaret ve etkinlik planlamas\u0131n\u0131n yap\u0131lmas\u0131 ve bu suretle potansiyel t\u00fcketicilerin belirlenmesi ve t\u00fcketicilerin kampanyalardan haberdar edilmesi,<\/li>\n<li>D\u00fczenleyici ve denetleyici kurumlar ile resmi mercilerin talep ve denetimleri do\u011frultusunda ve ayn\u0131 zamanda ilgili ba\u015fvurular\u0131 inceleyecek mercilerden gerekli bilgi ve onaylar\u0131n temini,<\/li>\n<\/ul>\n<p><strong>Ki\u015fisel Veri Sahibinin KVKK Kapsam\u0131ndaki Haklar\u0131<\/strong><\/p>\n<p>Haklar\u0131n\u0131za ili\u015fkin taleplerinizi, talebin niteli\u011fine g\u00f6re talebi en k\u0131sa s\u00fcrede ve en ge\u00e7 30 (otuz) g\u00fcn i\u00e7erisinde \u00fccretsiz olarak sonu\u00e7land\u0131racakt\u0131r. Taleplerin \u015firketimiz taraf\u0131ndan sonu\u00e7land\u0131r\u0131lmas\u0131na ili\u015fkin ayr\u0131ca bir maliyet do\u011fmas\u0131 halinde Ki\u015fisel Verileri Koruma Kurulu\u2019nca belirlenen tarifedeki \u00fccretler \u015firketimiz taraf\u0131ndan talep edilebilir. KVKK\u2019n\u0131n 11. maddesi uyar\u0131nca \u015firketimize ba\u015fvurarak;<\/p>\n<ul>\n<li>Ki\u015fisel verilerinizin i\u015flenip i\u015flenmedi\u011fini \u00f6\u011frenme,<\/li>\n<li>Ki\u015fisel verileriniz i\u015flenmi\u015fse buna ili\u015fkin bilgi talep etme,<\/li>\n<li>Ki\u015fisel verilerinizin i\u015flenme amac\u0131n\u0131 ve bunlar\u0131n amac\u0131na uygun kullan\u0131l\u0131p kullan\u0131lmad\u0131\u011f\u0131n\u0131 \u00f6\u011frenme,<\/li>\n<li>Yurt i\u00e7inde veya yurt d\u0131\u015f\u0131nda ki\u015fisel verilerinizin aktar\u0131ld\u0131\u011f\u0131 \u00fc\u00e7\u00fcnc\u00fc ki\u015fileri bilme,<\/li>\n<li>Ki\u015fisel verilerinizin eksik veya yanl\u0131\u015f i\u015flenmi\u015f olmas\u0131 h\u00e2linde bunlar\u0131n d\u00fczeltilmesini isteme, Kanun\u2019un 7. maddesinde \u00f6ng\u00f6r\u00fclen \u015fartlar \u00e7er\u00e7evesinde ki\u015fisel verilerin silinmesini veya yok edilmesini isteme,<\/li>\n<li>Yukar\u0131daki (d) ve (e) maddeleri uyar\u0131nca yap\u0131lan i\u015flemlerin, ki\u015fisel verilerinizin aktar\u0131ld\u0131\u011f\u0131 \u00fc\u00e7\u00fcnc\u00fc ki\u015filere bildirilmesini isteme,<\/li>\n<li>\u0130\u015flenen verilerinizin m\u00fcnhas\u0131ran otomatik sistemler vas\u0131tas\u0131yla analiz edilmesi suretiyle aleyhinize bir sonucun ortaya \u00e7\u0131kmas\u0131na itiraz etme,<\/li>\n<li>Ki\u015fisel verilerinizin kanuna ayk\u0131r\u0131 olarak i\u015flenmesi sebebiyle zarara u\u011framan\u0131z h\u00e2linde zarar\u0131n\u0131z\u0131n giderilmesini talep etme.<\/li>\n<\/ul>\n\t\t\t\t\t\t\t\t<\/div>\n\t\t\t\t<\/div>\n\t\t\t\t\t<\/div>\n\t\t\t\t<\/div>\n\t\t\t\t<\/div>\n\t\t","protected":false},"excerpt":{"rendered":"<p>KREABAZ D\u0130J\u0130TAL REKLAM AJANSI SANAY\u0130 VE T\u0130CARET L\u0130M\u0130TED \u015e\u0130RKET\u0130 M\u00dc\u015eTER\u0130 K\u0130\u015e\u0130SEL VER\u0130LER\u0130N\u0130N \u0130\u015eLENMES\u0130NE \u0130L\u0130\u015eK\u0130N AYDINLATMA METN\u0130 KREABAZ D\u0130J\u0130TAL REKLAM AJANSI SANAY\u0130 VE T\u0130CARET L\u0130M\u0130TED \u015e\u0130RKET\u0130 olarakolarak 7 Nisan 2016 tarihli ve 29677 say\u0131l\u0131 Resmi Gazete\u2019de yay\u0131mlanarak y\u00fcr\u00fcrl\u00fc\u011fe giren 6698 say\u0131l\u0131 Ki\u015fisel Verilerin Korunmas\u0131 Kanunu (\u201cKVKK\u201d) kapsam\u0131nda 10. maddede yer alan \u201cVeri Sorumlusunun Ayd\u0131nlatma Y\u00fck\u00fcml\u00fcl\u00fc\u011f\u00fc\u201d ve [&hellip;]<\/p>\n","protected":false},"author":1,"featured_media":0,"parent":0,"menu_order":0,"comment_status":"closed","ping_status":"closed","template":"","meta":{"_aioseo_title":"","_aioseo_description":"","_aioseo_keyphrases":"","_video_image1":"","_video_image2":"","jnews_page_loop":[],"jnews_single_page":[],"footnotes":""},"class_list":["post-877","page","type-page","status-publish","hentry"],"aioseo_notices":[],"_links":{"self":[{"href":"https:\/\/kreablog.com\/tr\/wp-json\/wp\/v2\/pages\/877","targetHints":{"allow":["GET"]}}],"collection":[{"href":"https:\/\/kreablog.com\/tr\/wp-json\/wp\/v2\/pages"}],"about":[{"href":"https:\/\/kreablog.com\/tr\/wp-json\/wp\/v2\/types\/page"}],"author":[{"embeddable":true,"href":"https:\/\/kreablog.com\/tr\/wp-json\/wp\/v2\/users\/1"}],"replies":[{"embeddable":true,"href":"https:\/\/kreablog.com\/tr\/wp-json\/wp\/v2\/comments?post=877"}],"version-history":[{"count":0,"href":"https:\/\/kreablog.com\/tr\/wp-json\/wp\/v2\/pages\/877\/revisions"}],"wp:attachment":[{"href":"https:\/\/kreablog.com\/tr\/wp-json\/wp\/v2\/media?parent=877"}],"curies":[{"name":"wp","href":"https:\/\/api.w.org\/{rel}","templated":true}]}}